{"id":3,"date":"2024-04-29T11:29:50","date_gmt":"2024-04-29T14:29:50","guid":{"rendered":"https:\/\/diamantesconsultoria.com.br\/novo\/?page_id=3"},"modified":"2024-05-18T17:54:35","modified_gmt":"2024-05-18T20:54:35","slug":"politica-de-privacidade","status":"publish","type":"page","link":"https:\/\/diamantesconsultoria.com.br\/novo\/politica-de-privacidade\/","title":{"rendered":"Pol\u00edtica de privacidade"},"content":{"rendered":"\t\t<div data-elementor-type=\"wp-page\" data-elementor-id=\"3\" class=\"elementor elementor-3\">\n\t\t\t\t<div class=\"elementor-element elementor-element-264e0258 e-con-full e-flex e-con e-parent\" data-id=\"264e0258\" data-element_type=\"container\">\n\t\t\t\t<div class=\"elementor-element elementor-element-19698c5b elementor-widget elementor-widget-text-editor\" data-id=\"19698c5b\" data-element_type=\"widget\" data-widget_type=\"text-editor.default\">\n\t\t\t\t<div class=\"elementor-widget-container\">\n\t\t\t<style>\/*! elementor - v3.21.0 - 08-05-2024 *\/\n.elementor-widget-text-editor.elementor-drop-cap-view-stacked .elementor-drop-cap{background-color:#69727d;color:#fff}.elementor-widget-text-editor.elementor-drop-cap-view-framed .elementor-drop-cap{color:#69727d;border:3px solid;background-color:transparent}.elementor-widget-text-editor:not(.elementor-drop-cap-view-default) .elementor-drop-cap{margin-top:8px}.elementor-widget-text-editor:not(.elementor-drop-cap-view-default) .elementor-drop-cap-letter{width:1em;height:1em}.elementor-widget-text-editor .elementor-drop-cap{float:left;text-align:center;line-height:1;font-size:50px}.elementor-widget-text-editor .elementor-drop-cap-letter{display:inline-block}<\/style>\t\t\t\t<!-- wp:heading {\"level\":1} -->\n<h1 class=\"wp-block-heading\">Pol\u00edtica de Privacidade e Termos de Uso do site, dos servi\u00e7os digitais do Grupo Diamantes<\/h1>\n<!-- \/wp:heading -->\n\n<!-- wp:paragraph -->\n<p><strong>A Pol\u00edtica de Privacidade e os Termos de Uso do site e dos servi\u00e7os digitais do Grupo Diamantes<\/strong>\u00a0na internet ratificam o compromisso da Institui\u00e7\u00e3o com a consist\u00eancia, a transpar\u00eancia, a seguran\u00e7a e a prote\u00e7\u00e3o de dados pessoais.<\/p>\n<!-- \/wp:paragraph -->\n\n<!-- wp:paragraph -->\n<p>Esta p\u00e1gina tem o objetivo de esclarecer sobre o tratamento dos dados pessoais e sobre os direitos e deveres de usu\u00e1rios do site, dos aplicativos e dos servi\u00e7os digitais do Grupo Diamante(GD)<\/p>\n<!-- \/wp:paragraph -->\n\n<!-- wp:paragraph -->\n<p>Qualquer atualiza\u00e7\u00e3o desta PPTU vigorar\u00e1 a partir da data de sua publica\u00e7\u00e3o no site do Grupo Diamantes(GD).<\/p>\n<!-- \/wp:paragraph -->\n\n<!-- wp:heading {\"level\":1} -->\n<h1 class=\"wp-block-heading\">Tratamento dos dados<\/h1>\n<!-- \/wp:heading -->\n\n<!-- wp:paragraph -->\n<p>Aos usu\u00e1rios do site, dos aplicativos e dos servi\u00e7os digitais do GD s\u00e3o assegurados os direitos previstos na\u00a0<a href=\"https:\/\/www.planalto.gov.br\/ccivil_03\/_ato2015-2018\/2018\/lei\/L13709.htm\">n\u00ba 13.709, de 14 de agosto de 2018\u00a0<\/a>(Lei Geral de Prote\u00e7\u00e3o de Dados Pessoais &#8211; LGPD).<\/p>\n<!-- \/wp:paragraph -->\n\n<!-- wp:paragraph -->\n<p>O GP disp\u00f5e de sistemas de controles internos, que variam de acordo com a natureza do dado pessoal, para garantir a conformidade com os requisitos de seguran\u00e7a, os padr\u00f5es de boas pr\u00e1ticas e de governan\u00e7a e os princ\u00edpios gerais previstos na LGPD e nas demais normas regulamentares.<\/p>\n<!-- \/wp:paragraph -->\n\n<!-- wp:paragraph -->\n<p>As empresas, as organiza\u00e7\u00f5es e as institui\u00e7\u00f5es contratadas para realizar servi\u00e7os relacionados ao site, aos aplicativos e aos servi\u00e7os digitais providos pelo GD devem observar esta Pol\u00edtica de Privacidade e Termos de Uso, e a ela se adequarem.<\/p>\n<!-- \/wp:paragraph -->\n\n<!-- wp:heading {\"level\":1} -->\n<h1 class=\"wp-block-heading\">Conte\u00fado dos registros de dados coletados<\/h1>\n<!-- \/wp:heading -->\n\n<!-- wp:paragraph -->\n<p>Quando o usu\u00e1rio acessa o site, os aplicativos e os servi\u00e7os digitais do GD, podem ser coletados, automaticamente, dados como:<\/p>\n<!-- \/wp:paragraph -->\n\n<!-- wp:list -->\n<ul><!-- wp:list-item -->\n<li>data e hora dos acessos;<\/li>\n<!-- \/wp:list-item -->\n\n<!-- wp:list-item -->\n<li>p\u00e1ginas visitadas;<\/li>\n<!-- \/wp:list-item -->\n\n<!-- wp:list-item -->\n<li>tipo de navegador;<\/li>\n<!-- \/wp:list-item -->\n\n<!-- wp:list-item -->\n<li>endere\u00e7o IP;<\/li>\n<!-- \/wp:list-item -->\n\n<!-- wp:list-item -->\n<li>localiza\u00e7\u00e3o do usu\u00e1rio (cidade, estado e pa\u00eds);<\/li>\n<!-- \/wp:list-item -->\n\n<!-- wp:list-item -->\n<li>a\u00e7\u00e3o que o usu\u00e1rio executou (download de um documento, por exemplo) e se obteve \u00eaxito;<\/li>\n<!-- \/wp:list-item -->\n\n<!-- wp:list-item -->\n<li>endere\u00e7o de outro site, caso o acesso ao site do GD se origine apartir de um link externo;<\/li>\n<!-- \/wp:list-item -->\n\n<!-- wp:list-item -->\n<li>g\u00eanero e faixa et\u00e1ria a que pertence o usu\u00e1rio;<\/li>\n<!-- \/wp:list-item -->\n\n<!-- wp:list-item -->\n<li>categoria e modelo do dispositivo do usu\u00e1rio;<\/li>\n<!-- \/wp:list-item -->\n\n<!-- wp:list-item -->\n<li>algumas caracter\u00edsticas do hardware e software do usu\u00e1rio.<\/li>\n<!-- \/wp:list-item --><\/ul>\n<!-- \/wp:list -->\n\n<!-- wp:paragraph -->\n<p>Esses dados podem ser coletados por meio de ferramentas de monitoramento estat\u00edstico.<\/p>\n<!-- \/wp:paragraph -->\n\n<!-- wp:paragraph -->\n<p>Os seguintes dados relativos a mensagens eletr\u00f4nicas enviadas ao GD podem ser registrados:<\/p>\n<!-- \/wp:paragraph -->\n\n<!-- wp:list -->\n<ul><!-- wp:list-item -->\n<li>e-mail;<\/li>\n<!-- \/wp:list-item -->\n\n<!-- wp:list-item -->\n<li>nome do usu\u00e1rio;<\/li>\n<!-- \/wp:list-item -->\n\n<!-- wp:list-item -->\n<li>localiza\u00e7\u00e3o do usu\u00e1rio (cidade, estado e pa\u00eds);<\/li>\n<!-- \/wp:list-item -->\n\n<!-- wp:list-item -->\n<li>assunto;<\/li>\n<!-- \/wp:list-item -->\n\n<!-- wp:list-item -->\n<li>conte\u00fado da mensagem;<\/li>\n<!-- \/wp:list-item -->\n\n<!-- wp:list-item -->\n<li>endere\u00e7o IP.<\/li>\n<!-- \/wp:list-item --><\/ul>\n<!-- \/wp:list -->\n\n<!-- wp:paragraph -->\n<p>Adicionalmente, os servi\u00e7os digitais oferecidos pelo GD podem solicitar e tratar os seguintes dados dos usu\u00e1rios:<\/p>\n<!-- \/wp:paragraph -->\n\n<!-- wp:list -->\n<ul><!-- wp:list-item -->\n<li>nome;<\/li>\n<!-- \/wp:list-item -->\n\n<!-- wp:list-item -->\n<li>nome da m\u00e3e;<\/li>\n<!-- \/wp:list-item -->\n\n<!-- wp:list-item -->\n<li>sexo;<\/li>\n<!-- \/wp:list-item -->\n\n<!-- wp:list-item -->\n<li>e-mail;<\/li>\n<!-- \/wp:list-item -->\n\n<!-- wp:list-item -->\n<li>data de nascimento;<\/li>\n<!-- \/wp:list-item -->\n\n<!-- wp:list-item -->\n<li>CPF;<\/li>\n<!-- \/wp:list-item -->\n\n<!-- wp:list-item -->\n<li>pa\u00eds de resid\u00eancia;<\/li>\n<!-- \/wp:list-item -->\n\n<!-- wp:list-item -->\n<li>cidade;<\/li>\n<!-- \/wp:list-item -->\n\n<!-- wp:list-item -->\n<li>endere\u00e7o;<\/li>\n<!-- \/wp:list-item -->\n\n<!-- wp:list-item -->\n<li>telefone;<\/li>\n<!-- \/wp:list-item -->\n\n<!-- wp:list-item -->\n<li>outros dados protegidos por sigilo banc\u00e1rio e demais sigilos previstos em legisla\u00e7\u00f5es espec\u00edficas, conforme cada servi\u00e7o.<\/li>\n<!-- \/wp:list-item --><\/ul>\n<!-- \/wp:list -->\n\n<!-- wp:heading {\"level\":1} -->\n<h1 class=\"wp-block-heading\">Uso de cookies<\/h1>\n<!-- \/wp:heading -->\n\n<!-- wp:paragraph -->\n<p>A utiliza\u00e7\u00e3o de cookies pelo site e pelos servi\u00e7os digitais do GD objetiva facilitar a navega\u00e7\u00e3o e a adequa\u00e7\u00e3o do site \u00e0s prefer\u00eancias dos usu\u00e1rios e permitir o gerenciamento de sess\u00f5es de usu\u00e1rios, quando autenticados.<\/p>\n<!-- \/wp:paragraph -->\n\n<!-- wp:paragraph -->\n<p>O site do GD pode usar servi\u00e7os de terceiros que podem armazenar cookies. O site utiliza, por exemplo, os servi\u00e7os do Youtube e do Google, e esses servi\u00e7os possuem pol\u00edticas pr\u00f3prias de privacidade.<\/p>\n<!-- \/wp:paragraph -->\n\n<!-- wp:paragraph -->\n<p>O usu\u00e1rio do site pode, a qualquer momento, utilizar recursos do seu navegador para bloquear a instala\u00e7\u00e3o dos cookies ou para informar quando est\u00e3o ativados. O uso de cookies \u00e9 obrigat\u00f3rio apenas para servi\u00e7os digitais que requeiram a autentica\u00e7\u00e3o do usu\u00e1rio.<\/p>\n<!-- \/wp:paragraph -->\n\n<!-- wp:heading {\"level\":1} -->\n<h1 class=\"wp-block-heading\">Termos de Uso de Servi\u00e7os Digitais<\/h1>\n<!-- \/wp:heading -->\n\n<!-- wp:paragraph -->\n<p>Todos os servi\u00e7os digitais oferecidos pelo GD est\u00e3o dispon\u00edveis na carta de servi\u00e7os. Ao usu\u00e1rio dos servi\u00e7os digitais do GD s\u00e3o assegurados os direitos previstos pela LGPD e pelas demais legisla\u00e7\u00f5es que estabelecem tratamento adequado a informa\u00e7\u00f5es protegidas por alguma esp\u00e9cie de sigilo.<\/p>\n<!-- \/wp:paragraph -->\n\n<!-- wp:paragraph -->\n<p>Durante a utiliza\u00e7\u00e3o dos servi\u00e7os, a fim de resguardar e de proteger os direitos de terceiros, o usu\u00e1rio se compromete a fornecer somente seus dados pessoais ou de seus representados, conforme legisla\u00e7\u00e3o aplic\u00e1vel.<\/p>\n<!-- \/wp:paragraph -->\n\n<!-- wp:paragraph -->\n<p>O login e a senha s\u00f3 poder\u00e3o ser utilizados pelo usu\u00e1rio cadastrado. O usu\u00e1rio se compromete em resguardar o sigilo da senha, que \u00e9 pessoal e intransfer\u00edvel, e manter as suas informa\u00e7\u00f5es cadastrais atualizadas.<\/p>\n<!-- \/wp:paragraph -->\n\n<!-- wp:paragraph -->\n<p>Na hip\u00f3tese de descumprimento de qualquer regra ou da pr\u00e1tica de atividades contr\u00e1rias \u00e0 PPTU ou \u00e0 legisla\u00e7\u00e3o aplic\u00e1vel, o GD poder\u00e1 adotar procedimentos para identificar o usu\u00e1rio infrator, coibir tais condutas, por meio das medidas judiciais e administrativas cab\u00edveis.<\/p>\n<!-- \/wp:paragraph -->\n\n<!-- wp:paragraph -->\n<p>Al\u00e9m disso, o GD n\u00e3o se responsabiliza pela seguran\u00e7a das informa\u00e7\u00f5es do usu\u00e1rio quando este acessar sites de terceiros a partir de links contidos nos seus canais digitais.<\/p>\n<!-- \/wp:paragraph -->\n\n<!-- wp:heading {\"level\":1} -->\n<h1 class=\"wp-block-heading\">Resolu\u00e7\u00e3o de controv\u00e9rsias<\/h1>\n<!-- \/wp:heading -->\n\n<!-- wp:paragraph -->\n<p>\u00c9 competente para dirimir os conflitos decorrentes desta Pol\u00edtica o foro da Justi\u00e7a Federal, Se\u00e7\u00e3o Judici\u00e1ria do Distrito da Bahia.<\/p>\n<!-- \/wp:paragraph -->\n\n<!-- wp:paragraph -->\n<p><\/p>\n<!-- \/wp:paragraph -->\n\n<!-- wp:paragraph -->\n<p>Veja tamb\u00e9m:<\/p>\n<!-- \/wp:paragraph -->\n\n<!-- wp:paragraph -->\n<p><a href=\"https:\/\/www.planalto.gov.br\/ccivil_03\/_ato2015-2018\/2018\/lei\/l13709.htm\" target=\"_blank\" rel=\"noreferrer noopener\">Lei Geral de prote\u00e7\u00e3o de dados<\/a><\/p>\n<!-- \/wp:paragraph -->\n\n<!-- wp:heading {\"level\":3,\"fontSize\":\"small\"} -->\n<h3 class=\"wp-block-heading has-small-font-size\">Atualizado em: 18\/05\/2024<\/h3>\n<!-- \/wp:heading -->\t\t\t\t\t\t<\/div>\n\t\t\t\t<\/div>\n\t\t\t\t<\/div>\n\t\t\t\t<\/div>\n\t\t","protected":false},"excerpt":{"rendered":"<p>Pol\u00edtica de Privacidade e Termos de Uso do site, dos servi\u00e7os digitais do Grupo Diamantes A Pol\u00edtica de Privacidade e [&hellip;]<\/p>\n","protected":false},"author":1,"featured_media":0,"parent":0,"menu_order":0,"comment_status":"closed","ping_status":"open","template":"elementor_canvas","meta":{"site-sidebar-layout":"default","site-content-layout":"","ast-site-content-layout":"","site-content-style":"default","site-sidebar-style":"default","ast-global-header-display":"","ast-banner-title-visibility":"","ast-main-header-display":"","ast-hfb-above-header-display":"","ast-hfb-below-header-display":"","ast-hfb-mobile-header-display":"","site-post-title":"","ast-breadcrumbs-content":"","ast-featured-img":"","footer-sml-layout":"","theme-transparent-header-meta":"","adv-header-id-meta":"","stick-header-meta":"","header-above-stick-meta":"","header-main-stick-meta":"","header-below-stick-meta":"","astra-migrate-meta-layouts":"default","ast-page-background-enabled":"default","ast-page-background-meta":{"desktop":{"background-color":"var(--ast-global-color-4)","background-image":"","background-repeat":"repeat","background-position":"center center","background-size":"auto","background-attachment":"scroll","background-type":"","background-media":"","overlay-type":"","overlay-color":"","overlay-gradient":""},"tablet":{"background-color":"","background-image":"","background-repeat":"repeat","background-position":"center center","background-size":"auto","background-attachment":"scroll","background-type":"","background-media":"","overlay-type":"","overlay-color":"","overlay-gradient":""},"mobile":{"background-color":"","background-image":"","background-repeat":"repeat","background-position":"center center","background-size":"auto","background-attachment":"scroll","background-type":"","background-media":"","overlay-type":"","overlay-color":"","overlay-gradient":""}},"ast-content-background-meta":{"desktop":{"background-color":"var(--ast-global-color-5)","background-image":"","background-repeat":"repeat","background-position":"center center","background-size":"auto","background-attachment":"scroll","background-type":"","background-media":"","overlay-type":"","overlay-color":"","overlay-gradient":""},"tablet":{"background-color":"var(--ast-global-color-5)","background-image":"","background-repeat":"repeat","background-position":"center center","background-size":"auto","background-attachment":"scroll","background-type":"","background-media":"","overlay-type":"","overlay-color":"","overlay-gradient":""},"mobile":{"background-color":"var(--ast-global-color-5)","background-image":"","background-repeat":"repeat","background-position":"center center","background-size":"auto","background-attachment":"scroll","background-type":"","background-media":"","overlay-type":"","overlay-color":"","overlay-gradient":""}},"footnotes":""},"class_list":["post-3","page","type-page","status-publish","hentry"],"_links":{"self":[{"href":"https:\/\/diamantesconsultoria.com.br\/novo\/wp-json\/wp\/v2\/pages\/3","targetHints":{"allow":["GET"]}}],"collection":[{"href":"https:\/\/diamantesconsultoria.com.br\/novo\/wp-json\/wp\/v2\/pages"}],"about":[{"href":"https:\/\/diamantesconsultoria.com.br\/novo\/wp-json\/wp\/v2\/types\/page"}],"author":[{"embeddable":true,"href":"https:\/\/diamantesconsultoria.com.br\/novo\/wp-json\/wp\/v2\/users\/1"}],"replies":[{"embeddable":true,"href":"https:\/\/diamantesconsultoria.com.br\/novo\/wp-json\/wp\/v2\/comments?post=3"}],"version-history":[{"count":4,"href":"https:\/\/diamantesconsultoria.com.br\/novo\/wp-json\/wp\/v2\/pages\/3\/revisions"}],"predecessor-version":[{"id":313,"href":"https:\/\/diamantesconsultoria.com.br\/novo\/wp-json\/wp\/v2\/pages\/3\/revisions\/313"}],"wp:attachment":[{"href":"https:\/\/diamantesconsultoria.com.br\/novo\/wp-json\/wp\/v2\/media?parent=3"}],"curies":[{"name":"wp","href":"https:\/\/api.w.org\/{rel}","templated":true}]}}